{"id":1367,"date":"2018-04-11T14:08:57","date_gmt":"2018-04-11T12:08:57","guid":{"rendered":"https:\/\/curly.qodeinteractive.com\/elementor\/?page_id=1367"},"modified":"2023-02-15T10:09:53","modified_gmt":"2023-02-15T09:09:53","slug":"parallax-showcase","status":"publish","type":"page","link":"https:\/\/www.vanityhair-paris.com\/?page_id=1367","title":{"rendered":"VanityHair75&amp;94\u00ae \u00e0 domicile"},"content":{"rendered":"\t\t<div data-elementor-type=\"wp-page\" data-elementor-id=\"1367\" class=\"elementor elementor-1367\">\n\t\t\t\t\t\t\t\t\t<section class=\"elementor-section elementor-top-section elementor-element elementor-element-8b3e15c elementor-section-boxed elementor-section-height-default elementor-section-height-default mkdf-parallax-row-no mkdf-content-aligment-left mkdf-elementor-row-grid-no mkdf-disabled-bg-image-bellow-no\" data-id=\"8b3e15c\" data-element_type=\"section\">\n\t\t\t\t\t\t<div class=\"elementor-container elementor-column-gap-default\">\n\t\t\t\t\t<div class=\"elementor-column elementor-col-100 elementor-top-column elementor-element elementor-element-050753e\" data-id=\"050753e\" data-element_type=\"column\">\n\t\t\t<div class=\"elementor-widget-wrap\">\n\t\t\t\t\t\t\t\t\t<\/div>\n\t\t<\/div>\n\t\t\t\t\t\t\t<\/div>\n\t\t<\/section>\n\t\t\t\t<section class=\"mkdf-parallax-row-holder elementor-section elementor-top-section elementor-element elementor-element-8f34acb mkdf-parallax-row-holder elementor-section-boxed elementor-section-height-default elementor-section-height-default mkdf-content-aligment-left mkdf-elementor-row-grid-no mkdf-disabled-bg-image-bellow-no\" data-parallax-bg-speed=\"1\" data-parallax-bg-image=\"https:\/\/vanityhair-paris.com\/wp-content\/uploads\/2018\/04\/h1-slider3-background-img.jpg\" data-parallax-bg-height=\"0\" data-id=\"8f34acb\" data-element_type=\"section\" data-settings=\"{&quot;mikado_parallax_image&quot;:{&quot;url&quot;:&quot;https:\\\/\\\/vanityhair-paris.com\\\/wp-content\\\/uploads\\\/2018\\\/04\\\/h1-slider3-background-img.jpg&quot;,&quot;id&quot;:&quot;2114&quot;,&quot;size&quot;:&quot;&quot;}}\">\n\t\t\t\t\t\t<div class=\"elementor-container elementor-column-gap-default\">\n\t\t\t\t\t<div class=\"elementor-column elementor-col-100 elementor-top-column elementor-element elementor-element-c1623fb\" data-id=\"c1623fb\" data-element_type=\"column\" data-settings=\"{&quot;background_background&quot;:&quot;classic&quot;}\">\n\t\t\t<div class=\"elementor-widget-wrap elementor-element-populated\">\n\t\t\t\t\t\t\t\t<div class=\"elementor-element elementor-element-eff3689 elementor-widget__width-auto elementor-widget elementor-widget-mkdf_custom_font\" data-id=\"eff3689\" data-element_type=\"widget\" data-widget_type=\"mkdf_custom_font.default\">\n\t\t\t\t<div class=\"elementor-widget-container\">\n\t\t\t<var class=\"mkdf-custom-font-holder  mkdf-cf-9683  \" style=\"font-size: 225px;color: #FFFFFF\" data-item-class=\"mkdf-cf-9683\" data-font-size-1366=\"180px\" data-font-size-1024=\"170px\" data-font-size-768=\"170px\" data-font-size-680=\"80px\">\nPrestations<\/var>\t\t<\/div>\n\t\t\t\t<\/div>\n\t\t\t\t<div class=\"elementor-element elementor-element-1e019e4 elementor-widget elementor-widget-text-editor\" data-id=\"1e019e4\" data-element_type=\"widget\" data-widget_type=\"text-editor.default\">\n\t\t\t\t<div class=\"elementor-widget-container\">\n\t\t\t\t\t\t\t<h5 style=\"text-align: center\"><span style=\"color: #ffffff\">\u00e0 domicile sur rdv<\/span><\/h5>\t\t\t\t\t\t<\/div>\n\t\t\t\t<\/div>\n\t\t\t\t<div class=\"elementor-element elementor-element-f510840 elementor-widget elementor-widget-image\" data-id=\"f510840\" data-element_type=\"widget\" data-widget_type=\"image.default\">\n\t\t\t\t<div class=\"elementor-widget-container\">\n\t\t\t\t\t\t\t\t\t\t\t\t\t\t\t<img decoding=\"async\" loading=\"lazy\" width=\"273\" height=\"44\" src=\"https:\/\/www.vanityhair-paris.com\/wp-content\/uploads\/2018\/04\/h1-slider1-img-1.png\" class=\"attachment-large size-large wp-image-1710\" alt=\"i\" \/>\t\t\t\t\t\t\t\t\t\t\t\t\t\t\t<\/div>\n\t\t\t\t<\/div>\n\t\t\t\t\t<\/div>\n\t\t<\/div>\n\t\t\t\t\t\t\t<\/div>\n\t\t<\/section>\n\t\t\t\t<section class=\"mkdf-parallax-row-holder elementor-section elementor-top-section elementor-element elementor-element-e4f0ed8 elementor-section-full_width mkdf-parallax-row-holder elementor-section-height-default elementor-section-height-default mkdf-content-aligment-left mkdf-elementor-row-grid-no mkdf-disabled-bg-image-bellow-no\" data-parallax-bg-speed=\"1\" data-parallax-bg-image=\"https:\/\/curly.qodeinteractive.com\/elementor\/wp-content\/uploads\/2018\/04\/h5-parallax-1.jpg\" data-parallax-bg-height=\"0\" data-id=\"e4f0ed8\" data-element_type=\"section\" data-settings=\"{&quot;mikado_parallax_image&quot;:{&quot;url&quot;:&quot;https:\\\/\\\/curly.qodeinteractive.com\\\/elementor\\\/wp-content\\\/uploads\\\/2018\\\/04\\\/h5-parallax-1.jpg&quot;,&quot;id&quot;:&quot;1368&quot;,&quot;size&quot;:&quot;&quot;}}\">\n\t\t\t\t\t\t<div class=\"elementor-container elementor-column-gap-default\">\n\t\t\t\t\t<div class=\"elementor-column elementor-col-100 elementor-top-column elementor-element elementor-element-b0079c0\" data-id=\"b0079c0\" data-element_type=\"column\">\n\t\t\t<div class=\"elementor-widget-wrap elementor-element-populated\">\n\t\t\t\t\t\t\t\t<section class=\"elementor-section elementor-inner-section elementor-element elementor-element-8b66cfe elementor-section-boxed elementor-section-height-default elementor-section-height-default mkdf-parallax-row-no mkdf-content-aligment-left mkdf-elementor-row-grid-no mkdf-disabled-bg-image-bellow-no\" data-id=\"8b66cfe\" data-element_type=\"section\">\n\t\t\t\t\t\t<div class=\"elementor-container elementor-column-gap-default\">\n\t\t\t\t\t<div class=\"elementor-column elementor-col-100 elementor-inner-column elementor-element elementor-element-f097388\" data-id=\"f097388\" data-element_type=\"column\">\n\t\t\t<div class=\"elementor-widget-wrap elementor-element-populated\">\n\t\t\t\t\t\t\t\t<div class=\"elementor-element elementor-element-04adad9 elementor-widget elementor-widget-mkdf_clients_carousel\" data-id=\"04adad9\" data-element_type=\"widget\" data-widget_type=\"mkdf_clients_carousel.default\">\n\t\t\t\t<div class=\"elementor-widget-container\">\n\t\t\t\t\t<div class=\"mkdf-clients-carousel-holder mkdf-cc-hover-roll-over\">\n\t\t\t<div class=\"mkdf-cc-inner mkdf-owl-slider\" data-number-of-items=\"4\" data-enable-loop=\"yes\" data-enable-autoplay=\"yes\" data-slider-speed=\"5000\" data-slider-speed-animation=\"600\" data-enable-navigation=\"no\" data-enable-pagination=\"no\">\n\t\t\t\t<div class=\"mkdf-cc-item\">\n        <a itemprop=\"url\" class=\"mkdf-cc-link mkdf-block-drag-link\" href=\"#\" target=\"_self\">\n                            <img decoding=\"async\" itemprop=\"image\" class=\"mkdf-cc-image\" src=\"https:\/\/www.vanityhair-paris.com\/wp-content\/uploads\/2020\/09\/logo-loreal-vanity-hair-paris13_0006_loreal-gris.png\" alt=\"\"\/>\n                            <img decoding=\"async\" itemprop=\"image\" class=\"mkdf-cc-hover-image\" src=\"https:\/\/www.vanityhair-paris.com\/wp-content\/uploads\/2020\/09\/logo-loreal-vanity-hair-paris13_0007_loreal-white.png\" alt=\"\"\/>\n                    <\/a>\n<\/div><div class=\"mkdf-cc-item\">\n        <a itemprop=\"url\" class=\"mkdf-cc-link mkdf-block-drag-link\" href=\"#\" target=\"_self\">\n                            <img decoding=\"async\" itemprop=\"image\" class=\"mkdf-cc-image\" src=\"https:\/\/www.vanityhair-paris.com\/wp-content\/uploads\/2020\/09\/logo-loreal-vanity-hair-paris13_0005_inoa-gris.png\" alt=\"\"\/>\n                            <img decoding=\"async\" itemprop=\"image\" class=\"mkdf-cc-hover-image\" src=\"https:\/\/www.vanityhair-paris.com\/wp-content\/uploads\/2020\/09\/logo-loreal-vanity-hair-paris13_0004_inoa-white.png\" alt=\"\"\/>\n                    <\/a>\n<\/div><div class=\"mkdf-cc-item\">\n        <a itemprop=\"url\" class=\"mkdf-cc-link mkdf-block-drag-link\" href=\"#\" target=\"_self\">\n                            <img decoding=\"async\" itemprop=\"image\" class=\"mkdf-cc-image\" src=\"https:\/\/www.vanityhair-paris.com\/wp-content\/uploads\/2020\/09\/logo-loreal-vanity-hair-paris13_0003_treatwell-gris.png\" alt=\"\"\/>\n                            <img decoding=\"async\" itemprop=\"image\" class=\"mkdf-cc-hover-image\" src=\"https:\/\/www.vanityhair-paris.com\/wp-content\/uploads\/2020\/09\/logo-loreal-vanity-hair-paris13_0002_treatwell-white.png\" alt=\"\"\/>\n                    <\/a>\n<\/div><div class=\"mkdf-cc-item\">\n        <a itemprop=\"url\" class=\"mkdf-cc-link mkdf-block-drag-link\" href=\"#\" target=\"_self\">\n                            <img decoding=\"async\" itemprop=\"image\" class=\"mkdf-cc-image\" src=\"https:\/\/www.vanityhair-paris.com\/wp-content\/uploads\/2020\/09\/logo-loreal-vanity-hair-paris13_0001_vanityhair-gris.png\" alt=\"\"\/>\n                            <img decoding=\"async\" itemprop=\"image\" class=\"mkdf-cc-hover-image\" src=\"https:\/\/www.vanityhair-paris.com\/wp-content\/uploads\/2020\/09\/logo-loreal-vanity-hair-paris13_0000_vanityhair-white.png\" alt=\"\"\/>\n                    <\/a>\n<\/div>\t\t\t<\/div>\n\t\t<\/div>\n\t\t\t\t<\/div>\n\t\t\t\t<\/div>\n\t\t\t\t\t<\/div>\n\t\t<\/div>\n\t\t\t\t\t\t\t<\/div>\n\t\t<\/section>\n\t\t\t\t\t<\/div>\n\t\t<\/div>\n\t\t\t\t\t\t\t<\/div>\n\t\t<\/section>\n\t\t\t\t<section class=\"elementor-section elementor-top-section elementor-element elementor-element-70c1491 mkdf-parallax-row-holder mkdf-elementor-row-grid-section elementor-section-boxed elementor-section-height-default elementor-section-height-default mkdf-content-aligment-left mkdf-disabled-bg-image-bellow-no\" data-id=\"70c1491\" data-element_type=\"section\" data-settings=\"{&quot;mikado_parallax_image&quot;:{&quot;url&quot;:&quot;&quot;,&quot;id&quot;:&quot;&quot;,&quot;size&quot;:&quot;&quot;}}\">\n\t\t\t\t\t\t<div class=\"elementor-container elementor-column-gap-default\">\n\t\t\t\t\t<div class=\"elementor-column elementor-col-50 elementor-top-column elementor-element elementor-element-38bc80f\" data-id=\"38bc80f\" data-element_type=\"column\">\n\t\t\t<div class=\"elementor-widget-wrap elementor-element-populated\">\n\t\t\t\t\t\t\t\t<div class=\"elementor-element elementor-element-c3d12cc elementor-widget elementor-widget-image\" data-id=\"c3d12cc\" data-element_type=\"widget\" data-widget_type=\"image.default\">\n\t\t\t\t<div class=\"elementor-widget-container\">\n\t\t\t\t\t\t\t\t\t\t\t\t\t\t\t<img decoding=\"async\" loading=\"lazy\" width=\"1100\" height=\"1260\" src=\"https:\/\/www.vanityhair-paris.com\/wp-content\/uploads\/2018\/04\/h6-img-4.jpg\" class=\"attachment-full size-full wp-image-3429\" alt=\"i\" srcset=\"https:\/\/www.vanityhair-paris.com\/wp-content\/uploads\/2018\/04\/h6-img-4.jpg 1100w, https:\/\/www.vanityhair-paris.com\/wp-content\/uploads\/2018\/04\/h6-img-4-262x300.jpg 262w, https:\/\/www.vanityhair-paris.com\/wp-content\/uploads\/2018\/04\/h6-img-4-894x1024.jpg 894w, https:\/\/www.vanityhair-paris.com\/wp-content\/uploads\/2018\/04\/h6-img-4-768x880.jpg 768w, https:\/\/www.vanityhair-paris.com\/wp-content\/uploads\/2018\/04\/h6-img-4-600x687.jpg 600w\" sizes=\"(max-width: 1100px) 100vw, 1100px\" \/>\t\t\t\t\t\t\t\t\t\t\t\t\t\t\t<\/div>\n\t\t\t\t<\/div>\n\t\t\t\t\t<\/div>\n\t\t<\/div>\n\t\t\t\t<div class=\"elementor-column elementor-col-50 elementor-top-column elementor-element elementor-element-9806eda\" data-id=\"9806eda\" data-element_type=\"column\">\n\t\t\t<div class=\"elementor-widget-wrap elementor-element-populated\">\n\t\t\t\t\t\t\t\t<div class=\"elementor-element elementor-element-e771ff6 elementor-widget elementor-widget-mkdf_info_section\" data-id=\"e771ff6\" data-element_type=\"widget\" data-widget_type=\"mkdf_info_section.default\">\n\t\t\t\t<div class=\"elementor-widget-container\">\n\t\t\t<div class=\"mkdf-info-section  mkdf-dark mkdf-left\">\n\n    \n    <div class=\"mkdf-is-inner\" style=\"width:100%\">\n\n                    <h5 class=\"mkdf-is-subtitle\">\n            OFFRE SPECIALE VAL DE MARNE (94)            <\/h5>\n        \n                    <h2 class=\"mkdf-is-title\">\n            prestation @home            <\/h2>\n        \n                    <p class=\"mkdf-is-text\">\n            Vous avez de la chance \ud83c\udf40 ! Si vous habitez \u00e0 Paris et \u00e9galement le val de marne et ses environs (5-10km alentours), Alicia vient vous coiffer directement \u00e0 domicile ! Les prestations se r\u00e9servent par t\u00e9l\u00e9phone &amp; par mail directement !            <\/p>\n        \n                    <div class=\"mkdf-is-button\" style=\"margin-top:-2px\">\n                <a itemprop=\"url\" href=\"https:\/\/vanityhair-paris.com\/?page_id=448\" target=\"_blank\"  class=\"mkdf-btn mkdf-btn-medium mkdf-btn-outline\"  >    <span class=\"mkdf-btn-text\">veyadakeo.vanityhair@gmail.com<\/span>    <\/a>            <\/div>\n        \n    <\/div>\n<\/div>\t\t<\/div>\n\t\t\t\t<\/div>\n\t\t\t\t\t<\/div>\n\t\t<\/div>\n\t\t\t\t\t\t\t<\/div>\n\t\t<\/section>\n\t\t\t\t<section class=\"mkdf-parallax-row-holder elementor-section elementor-top-section elementor-element elementor-element-00c696c mkdf-parallax-row-holder elementor-section-boxed elementor-section-height-default elementor-section-height-default mkdf-content-aligment-left mkdf-elementor-row-grid-no mkdf-disabled-bg-image-bellow-no\" data-parallax-bg-speed=\"1\" data-parallax-bg-image=\"https:\/\/curly.qodeinteractive.com\/elementor\/wp-content\/uploads\/2018\/04\/h5-parallax-3.jpg\" data-parallax-bg-height=\"0\" data-id=\"00c696c\" data-element_type=\"section\" data-settings=\"{&quot;mikado_parallax_image&quot;:{&quot;url&quot;:&quot;https:\\\/\\\/curly.qodeinteractive.com\\\/elementor\\\/wp-content\\\/uploads\\\/2018\\\/04\\\/h5-parallax-3.jpg&quot;,&quot;id&quot;:&quot;1858&quot;,&quot;size&quot;:&quot;&quot;}}\">\n\t\t\t\t\t\t<div class=\"elementor-container elementor-column-gap-default\">\n\t\t\t\t\t<div class=\"elementor-column elementor-col-100 elementor-top-column elementor-element elementor-element-d8adb68\" data-id=\"d8adb68\" data-element_type=\"column\">\n\t\t\t<div class=\"elementor-widget-wrap\">\n\t\t\t\t\t\t\t\t\t<\/div>\n\t\t<\/div>\n\t\t\t\t\t\t\t<\/div>\n\t\t<\/section>\n\t\t\t\t<section class=\"elementor-section elementor-top-section elementor-element elementor-element-d4068c7 elementor-section-full_width elementor-section-height-default elementor-section-height-default mkdf-parallax-row-no mkdf-content-aligment-left mkdf-elementor-row-grid-no mkdf-disabled-bg-image-bellow-no\" data-id=\"d4068c7\" data-element_type=\"section\" data-settings=\"{&quot;background_background&quot;:&quot;classic&quot;}\">\n\t\t\t\t\t\t<div class=\"elementor-container elementor-column-gap-default\">\n\t\t\t\t\t<div class=\"elementor-column elementor-col-50 elementor-top-column elementor-element elementor-element-93ef0c0\" data-id=\"93ef0c0\" data-element_type=\"column\">\n\t\t\t<div class=\"elementor-widget-wrap elementor-element-populated\">\n\t\t\t\t\t\t\t\t<div class=\"elementor-element elementor-element-b7c37f3 elementor-widget-tablet__width-inherit elementor-widget elementor-widget-mkdf_info_section\" data-id=\"b7c37f3\" data-element_type=\"widget\" data-widget_type=\"mkdf_info_section.default\">\n\t\t\t\t<div class=\"elementor-widget-container\">\n\t\t\t<div class=\"mkdf-info-section  mkdf-light mkdf-center\">\n\n            <var class=\"mkdf-is-background-text\" style=\"font-size:225px\" id=\"mkdf-is-background-text-499\" >\n        Beaut\u00e9        <\/var>\n    \n    <div class=\"mkdf-is-inner\" style=\"padding-top:112.5px;width:100%\">\n\n                    <h5 class=\"mkdf-is-subtitle\">\n            coupe, soin &amp; entretien            <\/h5>\n        \n                    <h3 class=\"mkdf-is-title\">\n            \u00e0 LA MAISON comme au salon !            <\/h3>\n        \n                    <p class=\"mkdf-is-text\">\n            Nous disposons de tous les produits pour effectuer une prestation \u00e0 domicile de qualit\u00e9 ! n&#039;h\u00e9sitez pas \u00e0 nous communiquer vos envies, et nous nous ferons un plaisir de venir vous chouchouter !            <\/p>\n        \n        \n    <\/div>\n<\/div>\t\t<\/div>\n\t\t\t\t<\/div>\n\t\t\t\t\t<\/div>\n\t\t<\/div>\n\t\t\t\t<div class=\"elementor-column elementor-col-50 elementor-top-column elementor-element elementor-element-a1a617c\" data-id=\"a1a617c\" data-element_type=\"column\">\n\t\t\t<div class=\"elementor-widget-wrap\">\n\t\t\t\t\t\t\t\t\t<\/div>\n\t\t<\/div>\n\t\t\t\t\t\t\t<\/div>\n\t\t<\/section>\n\t\t\t\t<section class=\"mkdf-parallax-row-holder elementor-section elementor-top-section elementor-element elementor-element-3b74ab2 mkdf-parallax-row-holder elementor-section-boxed elementor-section-height-default elementor-section-height-default mkdf-content-aligment-left mkdf-elementor-row-grid-no mkdf-disabled-bg-image-bellow-no\" data-parallax-bg-speed=\"1\" data-parallax-bg-image=\"https:\/\/curly.qodeinteractive.com\/elementor\/wp-content\/uploads\/2018\/04\/h5-parallax-5.jpg\" data-parallax-bg-height=\"0\" data-id=\"3b74ab2\" data-element_type=\"section\" data-settings=\"{&quot;mikado_parallax_image&quot;:{&quot;url&quot;:&quot;https:\\\/\\\/curly.qodeinteractive.com\\\/elementor\\\/wp-content\\\/uploads\\\/2018\\\/04\\\/h5-parallax-5.jpg&quot;,&quot;id&quot;:&quot;2356&quot;,&quot;size&quot;:&quot;&quot;}}\">\n\t\t\t\t\t\t<div class=\"elementor-container elementor-column-gap-default\">\n\t\t\t\t\t<div class=\"elementor-column elementor-col-100 elementor-top-column elementor-element elementor-element-ff850f3\" data-id=\"ff850f3\" data-element_type=\"column\">\n\t\t\t<div class=\"elementor-widget-wrap elementor-element-populated\">\n\t\t\t\t\t\t\t\t<div class=\"elementor-element elementor-element-486ce10 elementor-widget__width-auto elementor-widget elementor-widget-text-editor\" data-id=\"486ce10\" data-element_type=\"widget\" data-widget_type=\"text-editor.default\">\n\t\t\t\t<div class=\"elementor-widget-container\">\n\t\t\t\t\t\t\t<h3 style=\"text-align: center\">ZONE De prestation<\/h3>\t\t\t\t\t\t<\/div>\n\t\t\t\t<\/div>\n\t\t\t\t<div class=\"elementor-element elementor-element-2b8f6d0 elementor-widget elementor-widget-text-editor\" data-id=\"2b8f6d0\" data-element_type=\"widget\" data-widget_type=\"text-editor.default\">\n\t\t\t\t<div class=\"elementor-widget-container\">\n\t\t\t\t\t\t\t<p style=\"text-align: center\">voici les lieux possibles de \u00ab\u00a0rendez-vous \u00e0 la maison\u00a0\u00bb :<\/p>\t\t\t\t\t\t<\/div>\n\t\t\t\t<\/div>\n\t\t\t\t<section class=\"elementor-section elementor-inner-section elementor-element elementor-element-d738ce6 elementor-section-boxed elementor-section-height-default elementor-section-height-default mkdf-parallax-row-no mkdf-content-aligment-left mkdf-elementor-row-grid-no mkdf-disabled-bg-image-bellow-no\" data-id=\"d738ce6\" data-element_type=\"section\">\n\t\t\t\t\t\t<div class=\"elementor-container elementor-column-gap-default\">\n\t\t\t\t\t<div class=\"elementor-column elementor-col-50 elementor-inner-column elementor-element elementor-element-b437662\" data-id=\"b437662\" data-element_type=\"column\">\n\t\t\t<div class=\"elementor-widget-wrap elementor-element-populated\">\n\t\t\t\t\t\t\t\t<div class=\"elementor-element elementor-element-88e1cd2 elementor-widget elementor-widget-text-editor\" data-id=\"88e1cd2\" data-element_type=\"widget\" data-widget_type=\"text-editor.default\">\n\t\t\t\t<div class=\"elementor-widget-container\">\n\t\t\t\t\t\t\t<h4 style=\"text-align: center\">PARIS INTRAMUROS<\/h4>\t\t\t\t\t\t<\/div>\n\t\t\t\t<\/div>\n\t\t\t\t<div class=\"elementor-element elementor-element-578e6d2 elementor-widget elementor-widget-text-editor\" data-id=\"578e6d2\" data-element_type=\"widget\" data-widget_type=\"text-editor.default\">\n\t\t\t\t<div class=\"elementor-widget-container\">\n\t\t\t\t\t\t\t<p style=\"text-align: center\"><a href=\"https:\/\/www.google.rs\/maps\/place\/75-17+Juniper+Valley+Rd,+Flushing,+NY+11379,+%D0%A1%D1%98%D0%B5%D0%B4%D0%B8%D1%9A%D0%B5%D0%BD%D0%B5+%D0%94%D1%80%D0%B6%D0%B0%D0%B2%D0%B5\/data=!4m2!3m1!1s0x89c25e660b6beb33:0xa17c7a5de67a7730?sa=X&amp;ved=0ahUKEwi6guPjt8jZAhVDvhQKHXf_BjQQ8gEILTAA\" target=\"_blank\" rel=\"noopener\">Prestations \u00e0 domicile<\/a><\/p>\t\t\t\t\t\t<\/div>\n\t\t\t\t<\/div>\n\t\t\t\t<div class=\"elementor-element elementor-element-d83460b elementor-widget elementor-widget-text-editor\" data-id=\"d83460b\" data-element_type=\"widget\" data-widget_type=\"text-editor.default\">\n\t\t\t\t<div class=\"elementor-widget-container\">\n\t\t\t\t\t\t\t<p style=\"text-align: center\">\u00a0<\/p><div class=\"qpEBEc\"><div class=\"q6rarf\"><div class=\"Wdz6e ZnExKf\">\u00a0 \u00a0 \u00a0 \u00a0 \u00a0 \u00a0 \u00a0 \u00a0 \u00a0 \u00a0veyadakeo.vanityhair@gmail.com<\/div><div>\u00a0<\/div><\/div><\/div>\t\t\t\t\t\t<\/div>\n\t\t\t\t<\/div>\n\t\t\t\t<div class=\"elementor-element elementor-element-c9c54d7 elementor-widget elementor-widget-text-editor\" data-id=\"c9c54d7\" data-element_type=\"widget\" data-widget_type=\"text-editor.default\">\n\t\t\t\t<div class=\"elementor-widget-container\">\n\t\t\t\t\t\t\t<p style=\"text-align: center\"><a href=\"tel:+336 16 06 59 67\">+336 16 06 59 67<\/a><\/p>\t\t\t\t\t\t<\/div>\n\t\t\t\t<\/div>\n\t\t\t\t\t<\/div>\n\t\t<\/div>\n\t\t\t\t<div class=\"elementor-column elementor-col-50 elementor-inner-column elementor-element elementor-element-9c3512d\" data-id=\"9c3512d\" data-element_type=\"column\">\n\t\t\t<div class=\"elementor-widget-wrap elementor-element-populated\">\n\t\t\t\t\t\t\t\t<div class=\"elementor-element elementor-element-b5eb2a2 elementor-widget elementor-widget-text-editor\" data-id=\"b5eb2a2\" data-element_type=\"widget\" data-widget_type=\"text-editor.default\">\n\t\t\t\t<div class=\"elementor-widget-container\">\n\t\t\t\t\t\t\t<h4 style=\"text-align: center\">Val de marne<\/h4><h4 style=\"text-align: center\">(5-10km ALENTOUR)<\/h4>\t\t\t\t\t\t<\/div>\n\t\t\t\t<\/div>\n\t\t\t\t<div class=\"elementor-element elementor-element-ab61fc2 elementor-widget elementor-widget-text-editor\" data-id=\"ab61fc2\" data-element_type=\"widget\" data-widget_type=\"text-editor.default\">\n\t\t\t\t<div class=\"elementor-widget-container\">\n\t\t\t\t\t\t\t<p style=\"text-align: center\"><a href=\"https:\/\/www.google.rs\/maps\/place\/75-17+Juniper+Valley+Rd,+Flushing,+NY+11379,+%D0%A1%D1%98%D0%B5%D0%B4%D0%B8%D1%9A%D0%B5%D0%BD%D0%B5+%D0%94%D1%80%D0%B6%D0%B0%D0%B2%D0%B5\/data=!4m2!3m1!1s0x89c25e660b6beb33:0xa17c7a5de67a7730?sa=X&amp;ved=0ahUKEwi6guPjt8jZAhVDvhQKHXf_BjQQ8gEILTAA\" target=\"_blank\" rel=\"noopener\">Prestations \u00e0 domicile<\/a><\/p>\t\t\t\t\t\t<\/div>\n\t\t\t\t<\/div>\n\t\t\t\t<div class=\"elementor-element elementor-element-3ce6461 elementor-widget elementor-widget-text-editor\" data-id=\"3ce6461\" data-element_type=\"widget\" data-widget_type=\"text-editor.default\">\n\t\t\t\t<div class=\"elementor-widget-container\">\n\t\t\t\t\t\t\t<div class=\"qpEBEc\"><div class=\"q6rarf\"><div class=\"Wdz6e ZnExKf\">\u00a0 \u00a0 \u00a0 \u00a0 \u00a0 \u00a0 \u00a0 \u00a0<\/div><div class=\"Wdz6e ZnExKf\">\u00a0 \u00a0 \u00a0 \u00a0 \u00a0 \u00a0 \u00a0 \u00a0 \u00a0 \u00a0 \u00a0 \u00a0 \u00a0veyadakeo.vanityhair@gmail.com<\/div><\/div><\/div><p style=\"text-align: center\">\u00a0<\/p>\t\t\t\t\t\t<\/div>\n\t\t\t\t<\/div>\n\t\t\t\t<div class=\"elementor-element elementor-element-d60f5cb elementor-widget elementor-widget-text-editor\" data-id=\"d60f5cb\" data-element_type=\"widget\" data-widget_type=\"text-editor.default\">\n\t\t\t\t<div class=\"elementor-widget-container\">\n\t\t\t\t\t\t\t<p style=\"text-align: center\"><a href=\"tel:+336 16 06 59 67\">+336 16 06 59 67<\/a><\/p>\t\t\t\t\t\t<\/div>\n\t\t\t\t<\/div>\n\t\t\t\t\t<\/div>\n\t\t<\/div>\n\t\t\t\t\t\t\t<\/div>\n\t\t<\/section>\n\t\t\t\t\t<\/div>\n\t\t<\/div>\n\t\t\t\t\t\t\t<\/div>\n\t\t<\/section>\n\t\t\t\t\t\t\t<\/div>\n\t\t","protected":false},"excerpt":{"rendered":"<p>Prestations \u00e0 domicile sur rdv OFFRE SPECIALE VAL DE MARNE (94) prestation @home Vous avez de la chance ???? ! Si vous habitez \u00e0 Paris et \u00e9galement le val de marne et ses environs (5-10km alentours), Alicia vient vous coiffer [&hellip;]<\/p>\n","protected":false},"author":1,"featured_media":0,"parent":0,"menu_order":0,"comment_status":"closed","ping_status":"closed","template":"full-width.php","meta":{"footnotes":""},"_links":{"self":[{"href":"https:\/\/www.vanityhair-paris.com\/index.php?rest_route=\/wp\/v2\/pages\/1367"}],"collection":[{"href":"https:\/\/www.vanityhair-paris.com\/index.php?rest_route=\/wp\/v2\/pages"}],"about":[{"href":"https:\/\/www.vanityhair-paris.com\/index.php?rest_route=\/wp\/v2\/types\/page"}],"author":[{"embeddable":true,"href":"https:\/\/www.vanityhair-paris.com\/index.php?rest_route=\/wp\/v2\/users\/1"}],"replies":[{"embeddable":true,"href":"https:\/\/www.vanityhair-paris.com\/index.php?rest_route=%2Fwp%2Fv2%2Fcomments&post=1367"}],"version-history":[{"count":21,"href":"https:\/\/www.vanityhair-paris.com\/index.php?rest_route=\/wp\/v2\/pages\/1367\/revisions"}],"predecessor-version":[{"id":6014,"href":"https:\/\/www.vanityhair-paris.com\/index.php?rest_route=\/wp\/v2\/pages\/1367\/revisions\/6014"}],"wp:attachment":[{"href":"https:\/\/www.vanityhair-paris.com\/index.php?rest_route=%2Fwp%2Fv2%2Fmedia&parent=1367"}],"curies":[{"name":"wp","href":"https:\/\/api.w.org\/{rel}","templated":true}]}}